{"id":39,"date":"2015-01-15T11:26:25","date_gmt":"2015-01-15T11:26:25","guid":{"rendered":"http:\/\/patxilarrainzar.com\/?page_id=39"},"modified":"2021-11-11T18:24:55","modified_gmt":"2021-11-11T17:24:55","slug":"biblioteca","status":"publish","type":"page","link":"https:\/\/patxilarrainzar.com\/?page_id=39","title":{"rendered":"Guraso Txokoa"},"content":{"rendered":"<p><span style=\"color: #800000;\">Hau, eskolako gurasoek eskolako gurasoentzat sortutako eremu bat da. Guraso bezala zaintza eta heziketari buru baliagarri izan zaizkigun baliabideak elkarbanatzea da asmoa.<\/span><\/p>\n<p><span style=\"color: #800000;\"><strong>Animatu<\/strong>, kuxkuxeatu eta <strong>bidali zure ekarpenak<\/strong> <a style=\"color: #800000;\" href=\"mailto:gurasoeskola@patxilarrainzar.com\">gurasoeskola@patxilarrainzar.com<\/a>\u00a0helbidera.<\/span><\/p>\n<p><span style=\"color: #008000;\">Este es un espacio creado por y para los padres y madres de la escuela. La idea es que sea un espacio participativo donde compartir recursos sobre crianza y educaci\u00f3n que nos hayan sido \u00fatiles en nuestra experiencia como padres y madres.<\/span><\/p>\n<p><span style=\"color: #008000;\"><strong>An\u00edmate<\/strong> a entrar, explorar y <strong>enviar tus aportaciones<\/strong> a <a style=\"color: #008000;\" href=\"mailto:gurasoeskola@patxilarrainzar.com\">gurasoeskola@patxilarrainzar.com<\/a>.<\/span><\/p>\n<p>&nbsp;<\/p>\n<p><strong><span style=\"color: #800000;\">Liburuak\/Libros<\/span><br \/>\n<\/strong><\/p>\n<ol>\n<li>El cerebro del Ni\u00f1o explicado a los padres (\u00c1lvaro Bilbao, 2015).<\/li>\n<li>Familias Inteligentes (Antonio Ortu\u00f1o, 2012).<\/li>\n<li>C\u00f3mo hablar para que sus hijos le escuchen y escuchar para que sus hijos le hablen. (Adele Faber, Elaine Mazlish, 1980).<\/li>\n<li>C\u00f3mo hablar para que los adolescentes escuchen y c\u00f3mo escuchar para que los adolescentes hablen. (Adele Faber).<\/li>\n<li>El cerebro del Ni\u00f1o (Daniel J.Siegel, Tina Payne Bryson, 2011).<\/li>\n<li>Tormenta Cerebral: El poder y el prop\u00f3sito del cerebro adolescente (Daniel J.Siegel, 2013).<\/li>\n<li>Hermanos no rivales (Adele Faber, 1987).<\/li>\n<li>Educar en el Asombro (Catherine L\u2019Ecuyer, 2012).<\/li>\n<li>Inteligencia\u00a0Emocional,\u00a0de\u00a0Daniel\u00a0Goleman.<\/li>\n<\/ol>\n<p><strong><span style=\"color: #800000;\">Bideoak\/V\u00eddeos<\/span><br \/>\n<\/strong><\/p>\n<ol>\n<li><a href=\"https:\/\/eranafarroa.eus\/es\/\" target=\"_blank\">ERA Nafarroa<\/a> &#8212; <a href=\"https:\/\/www.youtube.com\/channel\/UCuC2iw_TrY3P37EFZDDf7_g\">Ver video<\/a>.<\/li>\n<li><a href=\"https:\/\/aprendemosjuntos.elpais.com\/\" target=\"_blank\">Aprendemos Juntos<\/a>. Nos han gustado:\n<ol>\n<li>Disciplina Positiva: Marisa Moya<\/li>\n<li>L\u00edmites mejor que castigos: \u00c1lvaro Bilbao<\/li>\n<\/ol>\n<\/li>\n<li><a href=\"https:\/\/www.youtube.com\/channel\/UCKJNeVvjAI25bHQUYFuNVwQ\" target=\"_blank\">P\u00edldoras de Psicolog\u00eda<\/a> (Alberto Soler).<\/li>\n<li><a href=\"https:\/\/www.youtube.com\/channel\/UCtLDyz18o42cCQlWuMnY6BQ\" target=\"_blank\">Myriam Tirado<\/a>.<\/li>\n<li><a href=\"https:\/\/escuela.bitacoras.com\/\" target=\"_blank\">Escuela Bit\u00e1coras<\/a> (Cursos online para padres y educadores. De pago).<\/li>\n<li><a href=\"https:\/\/www.youtube.com\/c\/PadresFormadosBurlada\/videos\" target=\"_blank\">Leticia Garc\u00e9s-Padres Formados<\/a>.<\/li>\n<\/ol>\n<p><span style=\"color: #800000;\"><strong><strong>Blogak\/Blogs<\/strong><\/strong><\/span><\/p>\n<ol>\n<li><a href=\"https:\/\/alvarobilbao.com\/blog\" target=\"_blank\">Alvaro Bilbao<\/a><\/li>\n<li><a href=\"https:\/\/nereamendizabal.eus\/blog\/\" target=\"_blank\">Nerea Mendizabal<\/a>\u00a0\u00a0\u00a0 (euskaraz)<\/li>\n<li><a href=\"https:\/\/nereamendizabal.eus\/es\/blog\/\" target=\"_blank\">Nerea Mendizabal<\/a>\u00a0(gazteleraz)<\/li>\n<li><a href=\"https:\/\/www.euskadi.eus\/kontsultarako-materialak-zeharkako-aldagaiak\/web01-a2guraso\/eu\/\" target=\"_blank\">Gurasotasuna (Kontsultarako Materialak).<\/a><\/li>\n<\/ol>\n<p><span style=\"color: #800000;\"><strong>Kontaktuak\/Contactos<\/strong><\/span><\/p>\n<ol>\n<li><strong><strong>Andraize <\/strong><\/strong>(Centros de atenci\u00f3n a la salud sexual y reproductiva). Calle Parque Mundo, s\/n, 31015 Pamplona, Navarra. 848 42 27 61<\/li>\n<li><a href=\"http:\/\/kattalingorri.org\/\" target=\"_blank\"><strong>Kattalingorri<\/strong> <\/a>(Espacio de informaci\u00f3n y ayuda a la Diversidad Sexual y de G\u00e9nero)<\/li>\n<li><strong>Batean<\/strong> (Equipo comunitario de infancia de la Rochapea).\u00a0Avenida Marcelo Celayeta 51. 9481297036<\/li>\n<\/ol>\n<p><span style=\"color: #800000;\"><strong>Txikiekin erabiltzeko baliabideak\/Recursos para utilizar con los txikis<\/strong><\/span><\/p>\n<ol>\n<li><strong><strong><a href=\"https:\/\/www.bibliotecaspublicas.es\/navarra\/Infantil\/Cuentos-on-line\/cuentacuentos-on-line.html\" target=\"_blank\">Online Ipuinak, Nafarroako Liburutegi eta Filmoteka\/Cuentos online Biblioteca y Filmoteca de Navarra.<\/a><\/strong><\/strong><\/li>\n<li><a href=\"http:\/\/www.euskal-encodings.com\/aurkibidea\/filmak https:\/\/www.eitb.eus\/eu\/kultura\/zinema-euskaraz\/\" target=\"_blank\">Filmak euskaraz.<\/a><u><strong><strong><br \/>\n<\/strong><\/strong><\/u><\/li>\n<li><a href=\"https:\/\/www.mattinetakattalin.eus\/\" target=\"_blank\">Mattinetakattalin.eus (euskarabidea)<\/a>: Mattin eta Kattalin ondare immateriala biziberritzeko proiektu bat da. Bertako gidoien oinarrian ahoz aho eta mendez mende transmititu diren hainbat kantu, jolas, formula, ipuin, asmakizun eta zirto daude, ondaretik jaso eta XXI. mendera ekarriak.<\/li>\n<\/ol>\n","protected":false},"excerpt":{"rendered":"<p>Hau, eskolako gurasoek eskolako gurasoentzat sortutako eremu bat da. Guraso bezala zaintza eta heziketari buru baliagarri izan zaizkigun baliabideak elkarbanatzea da asmoa. Animatu, kuxkuxeatu eta bidali zure ekarpenak gurasoeskola@patxilarrainzar.com\u00a0helbidera. Este es un espacio creado por y para los padres y madres de la escuela. La idea es que sea un espacio participativo donde compartir recursos sobre crianza y educaci\u00f3n que nos hayan sido \u00fatiles en nuestra experiencia como padres y madres. An\u00edmate a entrar, explorar y enviar tus aportaciones a gurasoeskola@patxilarrainzar.com. &nbsp; Liburuak\/Libros El cerebro del Ni\u00f1o explicado a los padres (\u00c1lvaro Bilbao, 2015). Familias Inteligentes (Antonio Ortu\u00f1o, 2012). C\u00f3mo hablar para que sus hijos le escuchen y escuchar para [&hellip;]<\/p>\n","protected":false},"author":1,"featured_media":0,"parent":0,"menu_order":0,"comment_status":"open","ping_status":"open","template":"","meta":{"footnotes":""},"class_list":["post-39","page","type-page","status-publish","hentry"],"_links":{"self":[{"href":"https:\/\/patxilarrainzar.com\/index.php?rest_route=\/wp\/v2\/pages\/39","targetHints":{"allow":["GET"]}}],"collection":[{"href":"https:\/\/patxilarrainzar.com\/index.php?rest_route=\/wp\/v2\/pages"}],"about":[{"href":"https:\/\/patxilarrainzar.com\/index.php?rest_route=\/wp\/v2\/types\/page"}],"author":[{"embeddable":true,"href":"https:\/\/patxilarrainzar.com\/index.php?rest_route=\/wp\/v2\/users\/1"}],"replies":[{"embeddable":true,"href":"https:\/\/patxilarrainzar.com\/index.php?rest_route=%2Fwp%2Fv2%2Fcomments&post=39"}],"version-history":[{"count":25,"href":"https:\/\/patxilarrainzar.com\/index.php?rest_route=\/wp\/v2\/pages\/39\/revisions"}],"predecessor-version":[{"id":1976,"href":"https:\/\/patxilarrainzar.com\/index.php?rest_route=\/wp\/v2\/pages\/39\/revisions\/1976"}],"wp:attachment":[{"href":"https:\/\/patxilarrainzar.com\/index.php?rest_route=%2Fwp%2Fv2%2Fmedia&parent=39"}],"curies":[{"name":"wp","href":"https:\/\/api.w.org\/{rel}","templated":true}]}}