{"id":1850,"date":"2018-12-11T00:14:23","date_gmt":"2018-12-10T23:14:23","guid":{"rendered":"http:\/\/patxilarrainzar.com\/?page_id=1850"},"modified":"2025-09-29T15:29:13","modified_gmt":"2025-09-29T13:29:13","slug":"eskolaz-kanpoko-ekintzak-extraescolares","status":"publish","type":"page","link":"https:\/\/patxilarrainzar.com\/?page_id=1850","title":{"rendered":"Eskolaz kanpoko ekintzak \/ Extraescolares"},"content":{"rendered":"<h4><a href=\"http:\/\/patxilarrainzar.com\/wp-content\/themes\/biznez-lite\/images\/team-member\/extraescolares.jpg\"><img loading=\"lazy\" decoding=\"async\" class=\"  alignleft wp-image-160\" src=\"http:\/\/patxilarrainzar.com\/wp-content\/themes\/biznez-lite\/images\/team-member\/extraescolares.jpg\" alt=\"KONICA MINOLTA DIGITAL CAMERA\" width=\"243\" height=\"212\" \/><\/a><\/h4>\n<h4><\/h4>\n<h4><strong>\u00bfZer egiten dugu?<\/strong><\/h4>\n<p><span class=\"eusk\">Eskolaz kanpoko jarduerak aukeratu eta berezitutako enpresa edo irakasleekin koordinatzeaz arduratzen da. Eskaintza zabala izaten da, euskaraz eta eguneko tarte ezberdinetan (eguerdian, arratsaldez, eskolak amaitzerakoan). Jarduerentzako espazioen erreserbak ere berak kudeatzen ditu.<\/span><\/p>\n<h4>\u00bfQu\u00e9 hacemos?<\/h4>\n<p>Se encarga de seleccionar las actividades extraescolares y coordinarlas con empresas y\/o monitores especializados. La oferta es variada, en euskera y en distintas tramos del d\u00eda (mediod\u00eda, por la tarde, al finalizar las clases). Se gestiona tambi\u00e9n la reserva de espacios para la realizaci\u00f3n de las actividades.<\/p>\n<p><a href=\"http:\/\/patxilarrainzar.com\/wp-content\/uploads\/2025\/09\/29-09-2025-BEHIN-BETIKO-ZERRENDAK-\u00b7-LISTADO-DEFINITIVO.pdf\"><span style=\"color: #ff0000;\"><strong><span class=\"eusk\">ESKOLAZ KANPOKO JARDUERAK 2025-2026: BEHIN BETIKO ZERRENDA<\/span><\/strong><\/span><\/a><\/p>\n","protected":false},"excerpt":{"rendered":"<p>\u00bfZer egiten dugu? Eskolaz kanpoko jarduerak aukeratu eta berezitutako enpresa edo irakasleekin koordinatzeaz arduratzen da. Eskaintza zabala izaten da, euskaraz eta eguneko tarte ezberdinetan (eguerdian, arratsaldez, eskolak amaitzerakoan). Jarduerentzako espazioen erreserbak ere berak kudeatzen ditu. \u00bfQu\u00e9 hacemos? Se encarga de seleccionar las actividades extraescolares y coordinarlas con empresas y\/o monitores especializados. La oferta es variada, en euskera y en distintas tramos del d\u00eda (mediod\u00eda, por la tarde, al finalizar las clases). Se gestiona tambi\u00e9n la reserva de espacios para la realizaci\u00f3n de las actividades. ESKOLAZ KANPOKO JARDUERAK 2025-2026: BEHIN BETIKO ZERRENDA<\/p>\n","protected":false},"author":5,"featured_media":0,"parent":0,"menu_order":0,"comment_status":"open","ping_status":"open","template":"","meta":{"footnotes":""},"class_list":["post-1850","page","type-page","status-publish","hentry"],"_links":{"self":[{"href":"https:\/\/patxilarrainzar.com\/index.php?rest_route=\/wp\/v2\/pages\/1850","targetHints":{"allow":["GET"]}}],"collection":[{"href":"https:\/\/patxilarrainzar.com\/index.php?rest_route=\/wp\/v2\/pages"}],"about":[{"href":"https:\/\/patxilarrainzar.com\/index.php?rest_route=\/wp\/v2\/types\/page"}],"author":[{"embeddable":true,"href":"https:\/\/patxilarrainzar.com\/index.php?rest_route=\/wp\/v2\/users\/5"}],"replies":[{"embeddable":true,"href":"https:\/\/patxilarrainzar.com\/index.php?rest_route=%2Fwp%2Fv2%2Fcomments&post=1850"}],"version-history":[{"count":48,"href":"https:\/\/patxilarrainzar.com\/index.php?rest_route=\/wp\/v2\/pages\/1850\/revisions"}],"predecessor-version":[{"id":2132,"href":"https:\/\/patxilarrainzar.com\/index.php?rest_route=\/wp\/v2\/pages\/1850\/revisions\/2132"}],"wp:attachment":[{"href":"https:\/\/patxilarrainzar.com\/index.php?rest_route=%2Fwp%2Fv2%2Fmedia&parent=1850"}],"curies":[{"name":"wp","href":"https:\/\/api.w.org\/{rel}","templated":true}]}}