{"id":118,"date":"2015-02-02T18:04:46","date_gmt":"2015-02-02T18:04:46","guid":{"rendered":"http:\/\/patxilarrainzar.com\/?page_id=118"},"modified":"2015-03-17T11:24:38","modified_gmt":"2015-03-17T11:24:38","slug":"elkartea-la-asociacion","status":"publish","type":"page","link":"https:\/\/patxilarrainzar.com\/","title":{"rendered":"Elkartea \/ La asociaci\u00f3n"},"content":{"rendered":"<h4><img loading=\"lazy\" decoding=\"async\" class=\"alignleft wp-image-159 size-full\" src=\"http:\/\/patxilarrainzar.com\/wp-content\/uploads\/2015\/02\/logoa-021.png\" alt=\"logoa Guraso Elkartea\" width=\"243\" height=\"295\" \/><\/h4>\n<h4>\u00bfZer egiten dugu?<\/h4>\n<p><span class=\"eusk\">Guraso Elkartea\u00a0jangelako zerbitzua, haurtzaindegiko zerbitzua, guraso eskola eta eskolaz kanpoko jarduerak kudeatzeaz arduratzen da. Bestalde, proposamen eta behar ezberdinak bideratu eta bileren bitartez ikastetxeko zuzendaritzari jakinarazi eta etengabeko harremanaz ere arduratzen da.<\/span><br \/>\n<span class=\"eusk\">Bere webgunearen eta familiei bidaltzen zaien informazioaren kaleratzearen bitartez, komunikazioa errazten du.<\/span><br \/>\n<span class=\"eusk\">Ikasturtean zehar auzoan antolatzen diren zenbait jardueretan aktiboki parte hartzen du: Ezkabara igoera, Olentzeroren festa, Santa Ageda, Inauteriak&#8230;<\/span><br \/>\n<span class=\"eusk\">Ikastetxearen jarduna hobetzeko euren ideiak, lana eta denbora eskaintzen dituzten gurasoez daude osatuta batzorde guztiak.<\/span><\/p>\n<h4>\u00bfQu\u00e9 hacemos?<\/h4>\n<p>La APYMA se encarga de gestionar los servicios de comedor, guarder\u00eda, escuela de padres y madres, actividades extraescolares y cursos de verano de ingl\u00e9s.<br \/>\nSe ocupa tambi\u00e9n de canalizar las diferentes propuestas o necesidades y ponerlas en conocimiento de la direcci\u00f3n del centro a trav\u00e9s de reuniones y de un contacto permanente.<br \/>\nFacilita la comunicaci\u00f3n a trav\u00e9s de su p\u00e1gina web y publicaci\u00f3n de la informaci\u00f3n que se env\u00eda a las familias.<br \/>\nParticipa tambi\u00e9n de manera activa en las diversas actividades que se organizan en el Barrio a lo largo del curso: subida a Ezkaba, fiesta del Olentzero, Santa \u00c1gueda, Carnavales\u2026<br \/>\nTodas las comisiones est\u00e1n formadas por padres y madres que dedican su tiempo, su trabajo y sus ideas para que el centro funcione cada vez mejor.<\/p>\n<h4>\u00bfNola egin naiteke elkarteko kide?<\/h4>\n<p><span class=\"eusk\">Guraso Elkartea eskola komunitateko familia guztientzako irekita dago. Parte hartu eta bere seme-alaben eskola hobetzen laguntzeko gogoa duen Ikastetxeko ikasleen edozein guraso izan daiteke elkarteko kide.<\/span><br \/>\n<span class=\"eusk\">Horretarako beharrezkoa da izen ematea eta familia bakoitzeko 20 euroko urteko kuota ordaintzea.<\/span><br \/>\n<span class=\"eusk\">Elkartean parte hartu nahi baduzu bete ezazu dokumentuen atalean aurkituko duzun orria eta igorri ezazu plarrainzarge@hotmail.com e-postara, edo sartu ezazu ate nagusiko postontzian.<\/span><\/p>\n<h4>\u00bfC\u00f3mo asociarse?<\/h4>\n<p>La APYMA est\u00e1 abierta a todas las familias de la comunidad escolar. Cualquier padre y\/o madre de alumno del colegio que tenga ganas de participar y mejorar la escuela de sus hijos puede pertenecer a la asociaci\u00f3n.<br \/>\nPara ello es necesario inscribirse y abonar una cuota anual de 20 euros por familia.<br \/>\nSi quieres formar parte de la Asociaci\u00f3n rellena el formulario que encontrar\u00e1s en el apartado de documentos y env\u00edalo por correo electr\u00f3nico a plarrainzarge@hotmailcom o depos\u00edtalo en el buz\u00f3n de la puerta principal.<\/p>\n<h4><\/h4>\n<h4>\u00bfNola antolatzen gara?<\/h4>\n<p><span class=\"eusk\">Guraso Elkartea Bazkideen Batzar Orokorraren bidez kudeatzen da, batzar horren deialdia urtean behin egiten da, gutxienez. Zuzendaritza organo iraunkorra da eta lehendakariak, lehendakariordeak, idazkariak, diruzainak eta hiru batzordekidek osatzen dute. Zuzendaritzak ohiko kudeaketak egiten ditu eta batzorde ezberdinen erantzukizunak banatu eta jarduerak koordinatzen ditu.<\/span><\/p>\n<h4>\u00bfC\u00f3mo nos organizamos?<\/h4>\n<p>La APYMA es gestionada mediante La Asamblea General de Socios-as, que se convoca, al menos, una vez al a\u00f1o.<br \/>\nLa Junta Directiva, como \u00f3rgano permanente que est\u00e1 compuesta por un presidente\/a, vicepresidente\/a, secretario\/a, tesorero\/a y 3 vocales. Realiza las gestiones ordinarias y distribuye responsabilidades y coordina la actividad de las distintas comisiones.<\/p>\n<h4>Ikasgelako ordezkariak<\/h4>\n<p><span class=\"eusk\">Ikasturte hasieran bilera bat egiten da tutorearekin informazioa emateko proiektu pedagogikoari dagokionez, irakasle espezializatuei buruz, jarduera osagarriak, irteerak etab. Momentu horretan ikasgela bakoitzeko bi ordezkari aukeratzen dira funtzio hauek bete ditzaten:<br \/>\n\u2022 Elkartearen eta familien arteko zubi-lanak egitea hilabeteroko bileretara joanez eta informazioa elkartrukatuz.<br \/>\n\u2022 Proposamenak bideratzea.<br \/>\n\u2022 Zereginak modu zuzenean banatzea.<br \/>\n\u2022 Bolondresak eta laguntzaileak erakartzeko bideak erraztea.<\/span><\/p>\n<h4>Representantes de clase<\/h4>\n<p>A principio de curso se celebra una reuni\u00f3n del tutor donde se informa del proyecto pedag\u00f3gico, los profesores especialistas, las actividades complementarias, las salidas, etc. Es entonces cuando se eligen 2 representantes por clase cuyas funciones son:<br \/>\n\u2022 Servir de enlace entre la Asociaci\u00f3n y las familias acudiendo a las reuniones mensuales e intercambiando la informaci\u00f3n.<br \/>\n\u2022 Canalizar propuestas.<br \/>\n\u2022 Repartir las tareas de forma equitativa.<br \/>\n\u2022 Facilitar la captaci\u00f3n de gente voluntaria y colaboradora.<\/p>\n<p>&nbsp;<\/p>\n","protected":false},"excerpt":{"rendered":"<p>\u00bfZer egiten dugu? Guraso Elkartea\u00a0jangelako zerbitzua, haurtzaindegiko zerbitzua, guraso eskola eta eskolaz kanpoko jarduerak kudeatzeaz arduratzen da. Bestalde, proposamen eta behar ezberdinak bideratu eta bileren bitartez ikastetxeko zuzendaritzari jakinarazi eta etengabeko harremanaz ere arduratzen da. Bere webgunearen eta familiei bidaltzen zaien informazioaren kaleratzearen bitartez, komunikazioa errazten du. Ikasturtean zehar auzoan antolatzen diren zenbait jardueretan aktiboki parte hartzen du: Ezkabara igoera, Olentzeroren festa, Santa Ageda, Inauteriak&#8230; Ikastetxearen jarduna hobetzeko euren ideiak, lana eta denbora eskaintzen dituzten gurasoez daude osatuta batzorde guztiak. \u00bfQu\u00e9 hacemos? La APYMA se encarga de gestionar los servicios de comedor, guarder\u00eda, escuela de padres y madres, actividades extraescolares y cursos de verano de ingl\u00e9s. Se ocupa tambi\u00e9n de [&hellip;]<\/p>\n","protected":false},"author":1,"featured_media":0,"parent":0,"menu_order":0,"comment_status":"open","ping_status":"open","template":"","meta":{"footnotes":""},"class_list":["post-118","page","type-page","status-publish","hentry"],"_links":{"self":[{"href":"https:\/\/patxilarrainzar.com\/index.php?rest_route=\/wp\/v2\/pages\/118","targetHints":{"allow":["GET"]}}],"collection":[{"href":"https:\/\/patxilarrainzar.com\/index.php?rest_route=\/wp\/v2\/pages"}],"about":[{"href":"https:\/\/patxilarrainzar.com\/index.php?rest_route=\/wp\/v2\/types\/page"}],"author":[{"embeddable":true,"href":"https:\/\/patxilarrainzar.com\/index.php?rest_route=\/wp\/v2\/users\/1"}],"replies":[{"embeddable":true,"href":"https:\/\/patxilarrainzar.com\/index.php?rest_route=%2Fwp%2Fv2%2Fcomments&post=118"}],"version-history":[{"count":19,"href":"https:\/\/patxilarrainzar.com\/index.php?rest_route=\/wp\/v2\/pages\/118\/revisions"}],"predecessor-version":[{"id":254,"href":"https:\/\/patxilarrainzar.com\/index.php?rest_route=\/wp\/v2\/pages\/118\/revisions\/254"}],"wp:attachment":[{"href":"https:\/\/patxilarrainzar.com\/index.php?rest_route=%2Fwp%2Fv2%2Fmedia&parent=118"}],"curies":[{"name":"wp","href":"https:\/\/api.w.org\/{rel}","templated":true}]}}